{"id":285,"date":"2025-07-04T13:54:43","date_gmt":"2025-07-04T11:54:43","guid":{"rendered":"https:\/\/www.lea.octavien.fr\/?page_id=285"},"modified":"2025-07-04T13:54:43","modified_gmt":"2025-07-04T11:54:43","slug":"me-contacter","status":"publish","type":"page","link":"https:\/\/www.lea.octavien.fr\/index.php\/me-contacter\/","title":{"rendered":"Me contacter"},"content":{"rendered":"\n<p class=\"has-text-align-center\">Je m\u2019appelle L\u00e9a Octavien, j\u2019ai 24 ans et je suis actuellement en Mast\u00e8re 2 Strat\u00e9gie e-business \u00e0 l\u2019ESD Nantes (promotion 2023\u20132025). Dans le cadre de ma formation, j\u2019ai choisi de consacrer mon livre blanc \u00e0 ma passion : le rap !  \u00c0 travers ce travail, j\u2019ai souhait\u00e9 explorer l\u2019univers du rap \u00e0 l\u2019\u00e8re du num\u00e9rique, en m\u2019int\u00e9ressant tout particuli\u00e8rement aux strat\u00e9gies alternatives mises en \u0153uvre par les artistes pour se d\u00e9marquer dans un march\u00e9 satur\u00e9 par le streaming. Ce projet d\u00e9montre qu\u2019il est tout \u00e0 fait possible de lier son domaine d\u2019expertise \u00e0 ses centres d\u2019int\u00e9r\u00eat : ici, la strat\u00e9gie digitale au service de la culture rap.<\/p>\n\n\n\n<div class=\"wp-block-buttons is-layout-flex wp-block-buttons-is-layout-flex\">\n<div class=\"wp-block-button has-custom-width wp-block-button__width-50 is-style-outline is-style-outline--1\"><a class=\"wp-block-button__link has-title-color-color has-text-color has-link-color wp-element-button\" href=\"http:\/\/www.linkedin.com\/in\/l\u00e9a-octavien-611946195\">LinkedIn &#8211; L\u00e9a Octavien<\/a><\/div>\n<\/div>\n\n\n\n<div class=\"wp-block-buttons is-content-justification-center is-layout-flex wp-container-core-buttons-is-layout-16018d1d wp-block-buttons-is-layout-flex\">\n<div class=\"wp-block-button has-custom-width wp-block-button__width-50 is-style-outline is-style-outline--2\"><a class=\"wp-block-button__link has-title-color-color has-text-color has-link-color wp-element-button\" href=\"https:\/\/www.instagram.com\/raponstream?igsh=dGtuZmJ1MmJoYzRp&amp;utm_source=qr\">Instagram &#8211; RapOnStram<\/a><\/div>\n<\/div>\n\n\n\n<div class=\"wp-block-buttons is-layout-flex wp-block-buttons-is-layout-flex\">\n<div class=\"wp-block-button has-custom-width wp-block-button__width-50 is-style-outline is-style-outline--3\"><a class=\"wp-block-button__link has-title-color-color has-text-color has-link-color wp-element-button\" href=\"https:\/\/www.tiktok.com\/@raponstream?_t=ZN-8xkHssz1nDa&amp;_r=1\">TikTok &#8211; RapOnStram<\/a><\/div>\n<\/div>\n","protected":false},"excerpt":{"rendered":"<p>Je m\u2019appelle L\u00e9a Octavien, j\u2019ai 24 ans et je suis actuellement en Mast\u00e8re 2 Strat\u00e9gie e-business \u00e0 l\u2019ESD Nantes (promotion 2023\u20132025).<br \/> Dans le cadre de ma formation, j\u2019ai choisi de consacrer mon livre blanc \u00e0 ma passion : le rap ! \u00c0 travers ce travail, j\u2019ai souhait\u00e9 explorer l\u2019univers du rap \u00e0 l\u2019\u00e8re du num\u00e9rique,[\u2026]<\/p>\n","protected":false},"author":1,"featured_media":0,"parent":0,"menu_order":0,"comment_status":"closed","ping_status":"closed","template":"","meta":{"remove_blocks_before_content":false,"remove_blocks_after_content":false,"countdown_timer_date_events":"","disable_reading_progress_bar":false,"_monsterinsights_skip_tracking":false,"_monsterinsights_sitenote_active":false,"_monsterinsights_sitenote_note":"","_monsterinsights_sitenote_category":0,"_uf_show_specific_survey":0,"_uf_disable_surveys":false,"footnotes":""},"class_list":["post-285","page","type-page","status-publish","hentry","entry"],"aioseo_notices":[],"_links":{"self":[{"href":"https:\/\/www.lea.octavien.fr\/index.php\/wp-json\/wp\/v2\/pages\/285","targetHints":{"allow":["GET"]}}],"collection":[{"href":"https:\/\/www.lea.octavien.fr\/index.php\/wp-json\/wp\/v2\/pages"}],"about":[{"href":"https:\/\/www.lea.octavien.fr\/index.php\/wp-json\/wp\/v2\/types\/page"}],"author":[{"embeddable":true,"href":"https:\/\/www.lea.octavien.fr\/index.php\/wp-json\/wp\/v2\/users\/1"}],"replies":[{"embeddable":true,"href":"https:\/\/www.lea.octavien.fr\/index.php\/wp-json\/wp\/v2\/comments?post=285"}],"version-history":[{"count":2,"href":"https:\/\/www.lea.octavien.fr\/index.php\/wp-json\/wp\/v2\/pages\/285\/revisions"}],"predecessor-version":[{"id":287,"href":"https:\/\/www.lea.octavien.fr\/index.php\/wp-json\/wp\/v2\/pages\/285\/revisions\/287"}],"wp:attachment":[{"href":"https:\/\/www.lea.octavien.fr\/index.php\/wp-json\/wp\/v2\/media?parent=285"}],"curies":[{"name":"wp","href":"https:\/\/api.w.org\/{rel}","templated":true}]}}